{"id":1997,"date":"2025-11-26T14:05:37","date_gmt":"2025-11-26T13:05:37","guid":{"rendered":"https:\/\/www.andalsurexcursiones.com\/politica-de-cookies\/"},"modified":"2025-12-08T11:51:19","modified_gmt":"2025-12-08T10:51:19","slug":"politique-de-cookies","status":"publish","type":"page","link":"https:\/\/www.andalsurexcursiones.com\/fr\/politique-de-cookies\/","title":{"rendered":"Politique de cookies"},"content":{"rendered":"\t\t<div data-elementor-type=\"wp-page\" data-elementor-id=\"1997\" class=\"elementor elementor-1997 elementor-1284\" data-elementor-post-type=\"page\">\n\t\t\t\t<div class=\"elementor-element elementor-element-c64845a e-flex e-con-boxed e-con e-parent\" data-id=\"c64845a\" data-element_type=\"container\" data-e-type=\"container\" data-settings=\"{&quot;background_background&quot;:&quot;classic&quot;}\">\n\t\t\t\t\t<div class=\"e-con-inner\">\n\t\t\t\t\t<\/div>\n\t\t\t\t<\/div>\n\t\t<div class=\"elementor-element elementor-element-fbe5f7f e-flex e-con-boxed e-con e-parent\" data-id=\"fbe5f7f\" data-element_type=\"container\" data-e-type=\"container\">\n\t\t\t\t\t<div class=\"e-con-inner\">\n\t\t\t\t<div class=\"elementor-element elementor-element-c19e756 elementor-widget elementor-widget-text-editor\" data-id=\"c19e756\" data-element_type=\"widget\" data-e-type=\"widget\" data-widget_type=\"text-editor.default\">\n\t\t\t\t\t\t\t\t\t<h2><strong>1. Que sont les cookies?<\/strong><\/h2><p>Les \u00ab cookies \u00bb sont des informations stock\u00e9es dans votre navigateur Web et sur le disque dur de votre ordinateur \u00e0 des fins d&rsquo;archivage.<br>Les cookies identifient l&rsquo;ordinateur, mais <strong>n&rsquo;identifient pas personnellement <\/strong>l&rsquo;utilisateur.<\/p><h2><strong>2. Utilisation des cookies chez Andalsur Excursiones<\/strong><\/h2><p>Nous utilisons des cookies pour:<\/p><ul><li>Enregistrer vos pr\u00e9f\u00e9rences et les informations relatives \u00e0 votre session.<\/li><li>Collecter des donn\u00e9es sur la mani\u00e8re dont vous visitez et acc\u00e9dez \u00e0 nos sites Web.<\/li><li>Adapter nos pages web \u00e0 vos besoins.<\/li><li>Analyser et mesurer l&rsquo;efficacit\u00e9 de nos communications par e-mail, de nos offres, des fonctionnalit\u00e9s de notre site et de nos publicit\u00e9s.<\/li><\/ul><h2><strong>3. Gestion des cookies dans votre navigateur<\/strong><\/h2><p>La plupart des navigateurs permettent de d\u00e9sactiver les cookies. Veuillez noter que leur d\u00e9sactivation peut <strong>limiter l&rsquo;utilisation de nos pages web.<\/strong><\/p><p>Pour plus d&rsquo;informations sur la configuration des cookies dans votre navigateur, consultez les liens suivants:<\/p><ul><li><strong>Internet Explorer:<\/strong> <a href=\"http:\/\/windows.microsoft.com\/pt-br\/windows\/cookies-faq#1TC=windows-7\" target=\"_blank\" rel=\"noopener\">http:\/\/windows.microsoft.com\/pt-br\/windows\/cookies-faq#1TC=windows-7<\/a><\/li><li><strong>Firefox:<\/strong> <a href=\"https:\/\/support.mozilla.org\/pt-BR\/kb\/cookies-informacoes-armazenadas-por-sites-em-seu-c\" target=\"_blank\" rel=\"noopener\">https:\/\/support.mozilla.org\/pt-BR\/kb\/cookies-informacoes-armazenadas-por-sites-em-seu-c<\/a><\/li><li><strong>Chrome:<\/strong> <a href=\"https:\/\/support.google.com\/chrome\/answer\/95647?hl=pt-BR&amp;p=cpn_cookies\" target=\"_blank\" rel=\"noopener\">https:\/\/support.google.com\/chrome\/answer\/95647?hl=pt-BR&amp;p=cpn_cookies<\/a><\/li><li><strong>Safari:<\/strong> <a href=\"http:\/\/support.apple.com\/kb\/PH5042\" target=\"_blank\" rel=\"noopener\">http:\/\/support.apple.com\/kb\/PH5042<\/a><\/li><\/ul><h2><strong>4. Cookies tiers et publicit\u00e9<\/strong><\/h2><p>Nous faisons appel \u00e0 des soci\u00e9t\u00e9s de publicit\u00e9 tierces pour diffuser des publicit\u00e9s lorsque vous visitez nos sites Web.<br>Ces soci\u00e9t\u00e9s peuvent acc\u00e9der aux cookies stock\u00e9s sur votre ordinateur lors de la diffusion de publicit\u00e9s.<\/p><p>Ces annonceurs <strong>n&rsquo;ont pas acc\u00e8s aux informations<\/strong> que nous obtenons gr\u00e2ce aux cookies d&rsquo;Andalsur Excursiones.<br>L&rsquo;utilisation que font d&rsquo;autres entreprises de leurs cookies est soumise \u00e0 leurs propres politiques de confidentialit\u00e9 et<strong> non \u00e0 celle d&rsquo;Andalsur.<\/strong><\/p>\t\t\t\t\t\t\t\t<\/div>\n\t\t\t\t\t<\/div>\n\t\t\t\t<\/div>\n\t\t\t\t<\/div>\n\t\t","protected":false},"excerpt":{"rendered":"<p>1. Que sont les cookies? Les \u00ab cookies \u00bb sont des informations stock\u00e9es dans votre navigateur Web et sur le disque dur de votre ordinateur \u00e0 des fins d&rsquo;archivage.Les cookies identifient l&rsquo;ordinateur, mais n&rsquo;identifient pas personnellement l&rsquo;utilisateur. 2. Utilisation des cookies chez Andalsur Excursiones Nous utilisons des cookies pour: Enregistrer vos pr\u00e9f\u00e9rences et les informations [&hellip;]<\/p>\n","protected":false},"author":1,"featured_media":0,"parent":0,"menu_order":0,"comment_status":"closed","ping_status":"closed","template":"","meta":{"_acf_changed":false,"footnotes":""},"class_list":["post-1997","page","type-page","status-publish","hentry"],"acf":[],"_links":{"self":[{"href":"https:\/\/www.andalsurexcursiones.com\/fr\/wp-json\/wp\/v2\/pages\/1997","targetHints":{"allow":["GET"]}}],"collection":[{"href":"https:\/\/www.andalsurexcursiones.com\/fr\/wp-json\/wp\/v2\/pages"}],"about":[{"href":"https:\/\/www.andalsurexcursiones.com\/fr\/wp-json\/wp\/v2\/types\/page"}],"author":[{"embeddable":true,"href":"https:\/\/www.andalsurexcursiones.com\/fr\/wp-json\/wp\/v2\/users\/1"}],"replies":[{"embeddable":true,"href":"https:\/\/www.andalsurexcursiones.com\/fr\/wp-json\/wp\/v2\/comments?post=1997"}],"version-history":[{"count":8,"href":"https:\/\/www.andalsurexcursiones.com\/fr\/wp-json\/wp\/v2\/pages\/1997\/revisions"}],"predecessor-version":[{"id":2759,"href":"https:\/\/www.andalsurexcursiones.com\/fr\/wp-json\/wp\/v2\/pages\/1997\/revisions\/2759"}],"wp:attachment":[{"href":"https:\/\/www.andalsurexcursiones.com\/fr\/wp-json\/wp\/v2\/media?parent=1997"}],"curies":[{"name":"wp","href":"https:\/\/api.w.org\/{rel}","templated":true}]}}