{"id":2012,"date":"2025-11-27T17:38:41","date_gmt":"2025-11-27T16:38:41","guid":{"rendered":"https:\/\/www.andalsurexcursiones.com\/hotels-seville\/"},"modified":"2025-12-05T09:06:38","modified_gmt":"2025-12-05T08:06:38","slug":"hotel","status":"publish","type":"page","link":"https:\/\/www.andalsurexcursiones.com\/fr\/hotel\/","title":{"rendered":"H\u00f4tels S\u00e9ville"},"content":{"rendered":"\t\t<div data-elementor-type=\"wp-page\" data-elementor-id=\"2012\" class=\"elementor elementor-2012 elementor-1672\" data-elementor-post-type=\"page\">\n\t\t\t\t<div class=\"elementor-element elementor-element-9f5005f e-con-full e-flex e-con e-parent\" data-id=\"9f5005f\" data-element_type=\"container\" data-e-type=\"container\" data-settings=\"{&quot;background_background&quot;:&quot;classic&quot;}\">\n\t\t\t\t<div class=\"elementor-element elementor-element-f1c7fe1 elementor-widget elementor-widget-heading\" data-id=\"f1c7fe1\" data-element_type=\"widget\" data-e-type=\"widget\" data-widget_type=\"heading.default\">\n\t\t\t\t\t<div class=\"elementor-heading-title elementor-size-default\">Vous n'avez pas encore r\u00e9serv\u00e9 votre h\u00f4tel ni votre vol?<\/div>\t\t\t\t<\/div>\n\t\t\t\t<div class=\"elementor-element elementor-element-98b705e elementor-widget elementor-widget-heading\" data-id=\"98b705e\" data-element_type=\"widget\" data-e-type=\"widget\" data-widget_type=\"heading.default\">\n\t\t\t\t\t<div class=\"elementor-heading-title elementor-size-default\">Trouvez des h\u00f4tels et des vols \u00e0 proximit\u00e9 de votre destination gr\u00e2ce \u00e0 ce moteur de recherche<\/div>\t\t\t\t<\/div>\n\t\t\t\t<div class=\"elementor-element elementor-element-8be719c elementor-widget__width-initial elementor-widget elementor-widget-html\" data-id=\"8be719c\" data-element_type=\"widget\" data-e-type=\"widget\" data-widget_type=\"html.default\">\n\t\t\t\t\t<div class=\"eg-widget\" data-widget=\"search\" data-program=\"us-expedia\" data-lobs=\"stays,flights\" data-network=\"pz\" data-camref=\"1100l5ykpa\" data-pubref=\"\"><\/div>\r\n<script class=\"eg-widgets-script\" src=\"https:\/\/creator.expediagroup.com\/products\/widgets\/assets\/eg-widgets.js\"><\/script>\t\t\t\t<\/div>\n\t\t\t\t<\/div>\n\t\t\t\t<\/div>\n\t\t","protected":false},"excerpt":{"rendered":"<p>Vous n&rsquo;avez pas encore r\u00e9serv\u00e9 votre h\u00f4tel ni votre vol? Trouvez des h\u00f4tels et des vols \u00e0 proximit\u00e9 de votre destination gr\u00e2ce \u00e0 ce moteur de recherche<\/p>\n","protected":false},"author":1,"featured_media":1696,"parent":0,"menu_order":0,"comment_status":"closed","ping_status":"closed","template":"elementor_header_footer","meta":{"_acf_changed":false,"footnotes":""},"class_list":["post-2012","page","type-page","status-publish","has-post-thumbnail","hentry"],"acf":[],"_links":{"self":[{"href":"https:\/\/www.andalsurexcursiones.com\/fr\/wp-json\/wp\/v2\/pages\/2012","targetHints":{"allow":["GET"]}}],"collection":[{"href":"https:\/\/www.andalsurexcursiones.com\/fr\/wp-json\/wp\/v2\/pages"}],"about":[{"href":"https:\/\/www.andalsurexcursiones.com\/fr\/wp-json\/wp\/v2\/types\/page"}],"author":[{"embeddable":true,"href":"https:\/\/www.andalsurexcursiones.com\/fr\/wp-json\/wp\/v2\/users\/1"}],"replies":[{"embeddable":true,"href":"https:\/\/www.andalsurexcursiones.com\/fr\/wp-json\/wp\/v2\/comments?post=2012"}],"version-history":[{"count":5,"href":"https:\/\/www.andalsurexcursiones.com\/fr\/wp-json\/wp\/v2\/pages\/2012\/revisions"}],"predecessor-version":[{"id":2579,"href":"https:\/\/www.andalsurexcursiones.com\/fr\/wp-json\/wp\/v2\/pages\/2012\/revisions\/2579"}],"wp:featuredmedia":[{"embeddable":true,"href":"https:\/\/www.andalsurexcursiones.com\/fr\/wp-json\/wp\/v2\/media\/1696"}],"wp:attachment":[{"href":"https:\/\/www.andalsurexcursiones.com\/fr\/wp-json\/wp\/v2\/media?parent=2012"}],"curies":[{"name":"wp","href":"https:\/\/api.w.org\/{rel}","templated":true}]}}