{"id":1998,"date":"2025-11-26T14:05:37","date_gmt":"2025-11-26T13:05:37","guid":{"rendered":"https:\/\/www.andalsurexcursiones.com\/politica-de-cookies\/"},"modified":"2025-12-08T11:51:29","modified_gmt":"2025-12-08T10:51:29","slug":"politica-sui-cookie","status":"publish","type":"page","link":"https:\/\/www.andalsurexcursiones.com\/it\/politica-sui-cookie\/","title":{"rendered":"Politica sui cookie"},"content":{"rendered":"\t\t<div data-elementor-type=\"wp-page\" data-elementor-id=\"1998\" class=\"elementor elementor-1998 elementor-1284\" data-elementor-post-type=\"page\">\n\t\t\t\t<div class=\"elementor-element elementor-element-c64845a e-flex e-con-boxed e-con e-parent\" data-id=\"c64845a\" data-element_type=\"container\" data-e-type=\"container\" data-settings=\"{&quot;background_background&quot;:&quot;classic&quot;}\">\n\t\t\t\t\t<div class=\"e-con-inner\">\n\t\t\t\t\t<\/div>\n\t\t\t\t<\/div>\n\t\t<div class=\"elementor-element elementor-element-fbe5f7f e-flex e-con-boxed e-con e-parent\" data-id=\"fbe5f7f\" data-element_type=\"container\" data-e-type=\"container\">\n\t\t\t\t\t<div class=\"e-con-inner\">\n\t\t\t\t<div class=\"elementor-element elementor-element-c19e756 elementor-widget elementor-widget-text-editor\" data-id=\"c19e756\" data-element_type=\"widget\" data-e-type=\"widget\" data-widget_type=\"text-editor.default\">\n\t\t\t\t\t\t\t\t\t<h2><strong>1. Cosa sono i cookie?<\/strong><\/h2><p>I \u201ccookie\u201d sono informazioni memorizzate nel browser web e sul disco rigido del computer dell&#8217;utente per ottenere registrazioni di manutenzione.<br>I cookie identificano il computer, ma <strong>non identificano personalmente<\/strong> l&#8217;utente.<\/p><h2><strong>2. Utilizzo dei cookie su Andalsur Excursiones<\/strong><\/h2><p>Utilizziamo i cookie per:<\/p><ul><li>Memorizzare le preferenze e i dati della sessione.<\/li><li>Recoger datos sobre c\u00f3mo visita y accede a nuestros sitios web.<\/li><li>Adattare le nostre pagine web alle vostre esigenze.<\/li><li>Analizzare e misurare l&#8217;efficacia delle nostre comunicazioni via e-mail, offerte, caratteristiche del sito e annunci pubblicitari.<\/li><\/ul><h2><strong>3. Gestione dei cookie nel browser<\/strong><\/h2><p>La maggior parte dei browser consente di disattivare i cookie. Si prega di notare che la loro disattivazione pu\u00f2<strong> limitare l&#8217;utilizzo delle nostre pagine web<\/strong>.<\/p><p>Para m\u00e1s informaci\u00f3n sobre la configuraci\u00f3n de cookies en su navegador, consulte los siguientes enlaces:<\/p><ul><li><strong>Internet Explorer:<\/strong> <a href=\"http:\/\/windows.microsoft.com\/pt-br\/windows\/cookies-faq#1TC=windows-7\" target=\"_blank\" rel=\"noopener\">http:\/\/windows.microsoft.com\/pt-br\/windows\/cookies-faq#1TC=windows-7<\/a><\/li><li><strong>Firefox:<\/strong> <a href=\"https:\/\/support.mozilla.org\/pt-BR\/kb\/cookies-informacoes-armazenadas-por-sites-em-seu-c\" target=\"_blank\" rel=\"noopener\">https:\/\/support.mozilla.org\/pt-BR\/kb\/cookies-informacoes-armazenadas-por-sites-em-seu-c<\/a><\/li><li><strong>Chrome:<\/strong> <a href=\"https:\/\/support.google.com\/chrome\/answer\/95647?hl=pt-BR&amp;p=cpn_cookies\" target=\"_blank\" rel=\"noopener\">https:\/\/support.google.com\/chrome\/answer\/95647?hl=pt-BR&amp;p=cpn_cookies<\/a><\/li><li><strong>Safari:<\/strong> <a href=\"http:\/\/support.apple.com\/kb\/PH5042\" target=\"_blank\" rel=\"noopener\">http:\/\/support.apple.com\/kb\/PH5042<\/a><\/li><\/ul><h2><strong>4. Cookie di terze parti e pubblicit\u00e0<\/strong><\/h2><p>Utilizziamo societ\u00e0 pubblicitarie terze per presentare annunci pubblicitari quando visiti i nostri siti web.<br>Queste societ\u00e0 possono accedere ai cookie sul tuo computer durante la presentazione degli annunci.<\/p><p>Tali inserzionisti <strong>non hanno accesso alle informazioni<\/strong> che otteniamo tramite i cookie di Andalsur Excursiones.<br>L&#8217;uso che altre societ\u00e0 fanno dei propri cookie \u00e8 soggetto alle loro politiche sulla privacy e <strong>non a quella di Andalsur.<\/strong><\/p>\t\t\t\t\t\t\t\t<\/div>\n\t\t\t\t\t<\/div>\n\t\t\t\t<\/div>\n\t\t\t\t<\/div>\n\t\t","protected":false},"excerpt":{"rendered":"<p>1. Cosa sono i cookie? I \u201ccookie\u201d sono informazioni memorizzate nel browser web e sul disco rigido del computer dell&#8217;utente per ottenere registrazioni di manutenzione.I cookie identificano il computer, ma non identificano personalmente l&#8217;utente. 2. Utilizzo dei cookie su Andalsur Excursiones Utilizziamo i cookie per: Memorizzare le preferenze e i dati della sessione. Recoger datos [&hellip;]<\/p>\n","protected":false},"author":1,"featured_media":0,"parent":0,"menu_order":0,"comment_status":"closed","ping_status":"closed","template":"","meta":{"_acf_changed":false,"footnotes":""},"class_list":["post-1998","page","type-page","status-publish","hentry"],"acf":[],"_links":{"self":[{"href":"https:\/\/www.andalsurexcursiones.com\/it\/wp-json\/wp\/v2\/pages\/1998","targetHints":{"allow":["GET"]}}],"collection":[{"href":"https:\/\/www.andalsurexcursiones.com\/it\/wp-json\/wp\/v2\/pages"}],"about":[{"href":"https:\/\/www.andalsurexcursiones.com\/it\/wp-json\/wp\/v2\/types\/page"}],"author":[{"embeddable":true,"href":"https:\/\/www.andalsurexcursiones.com\/it\/wp-json\/wp\/v2\/users\/1"}],"replies":[{"embeddable":true,"href":"https:\/\/www.andalsurexcursiones.com\/it\/wp-json\/wp\/v2\/comments?post=1998"}],"version-history":[{"count":8,"href":"https:\/\/www.andalsurexcursiones.com\/it\/wp-json\/wp\/v2\/pages\/1998\/revisions"}],"predecessor-version":[{"id":2761,"href":"https:\/\/www.andalsurexcursiones.com\/it\/wp-json\/wp\/v2\/pages\/1998\/revisions\/2761"}],"wp:attachment":[{"href":"https:\/\/www.andalsurexcursiones.com\/it\/wp-json\/wp\/v2\/media?parent=1998"}],"curies":[{"name":"wp","href":"https:\/\/api.w.org\/{rel}","templated":true}]}}